{"id":709,"date":"2021-10-02T21:35:34","date_gmt":"2021-10-02T21:35:34","guid":{"rendered":"https:\/\/shoot-gun.pl\/?page_id=709"},"modified":"2022-06-11T23:30:12","modified_gmt":"2022-06-11T23:30:12","slug":"szkolenia-i-kursy-specialistyczne","status":"publish","type":"page","link":"https:\/\/shoot-gun.pl\/index.php\/szkolenia-i-kursy-specialistyczne\/","title":{"rendered":"SZKOLENIA I KURSY SPECIALISTYCZNE"},"content":{"rendered":"\t\t<div data-elementor-type=\"wp-page\" data-elementor-id=\"709\" class=\"elementor elementor-709\" data-elementor-settings=\"[]\">\n\t\t\t\t\t\t<div class=\"elementor-inner\">\n\t\t\t\t\t\t\t<div class=\"elementor-section-wrap\">\n\t\t\t\t\t\t\t<section class=\"elementor-section elementor-top-section elementor-element elementor-element-8cb42dc elementor-section-boxed elementor-section-height-default elementor-section-height-default\" data-id=\"8cb42dc\" data-element_type=\"section\">\n\t\t\t\t\t\t\t<div class=\"elementor-background-overlay\"><\/div>\n\t\t\t\t\t\t\t<div class=\"elementor-container elementor-column-gap-default\">\n\t\t\t\t\t\t\t<div class=\"elementor-row\">\n\t\t\t\t\t<div class=\"elementor-column elementor-col-100 elementor-top-column elementor-element elementor-element-bc30e26\" data-id=\"bc30e26\" data-element_type=\"column\">\n\t\t\t<div class=\"elementor-column-wrap elementor-element-populated\">\n\t\t\t\t\t\t\t<div class=\"elementor-widget-wrap\">\n\t\t\t\t\t\t<div class=\"elementor-element elementor-element-e605162 elementor-invisible elementor-widget elementor-widget-heading\" data-id=\"e605162\" data-element_type=\"widget\" data-settings=\"{&quot;_animation&quot;:&quot;fadeInUp&quot;}\" data-widget_type=\"heading.default\">\n\t\t\t\t<div class=\"elementor-widget-container\">\n\t\t\t<h2 class=\"elementor-heading-title elementor-size-default\">SZKOLENIA I KURSY SPECIALISTYCZNE<\/h2>\t\t<\/div>\n\t\t\t\t<\/div>\n\t\t\t\t<div class=\"elementor-element elementor-element-34e8bc2 uael-border-yes elementor-invisible elementor-widget elementor-widget-uael-table\" data-id=\"34e8bc2\" data-element_type=\"widget\" data-settings=\"{&quot;_animation&quot;:&quot;fadeInDown&quot;}\" data-widget_type=\"uael-table.default\">\n\t\t\t\t<div class=\"elementor-widget-container\">\n\t\t\t<div itemscope class=\"uael-table-wrapper\" itemtype=\"http:\/\/schema.org\/Table\">\n\t\t<table id=\"uael-table-id-34e8bc2\" class=\"uael-text-break uael-column-rules uael-table\" data-sort-table=\"no\" data-show-entry=\"no\" data-searchable=\"no\">\n\t\t\t\t<thead>\n\t\t\t\t\t\t\t\t\t\t<tr class=\"uael-table-row\">\n\t\t\t\t\t\t\t\t\t\t\t\t\t<th data-sort=\"0\" class=\"sort-this elementor-repeater-item-8adabd4 uael-table-col\" scope=\"col\">\n\t\t\t\t\t\t\t<span class=\"sort-style\">\n\t\t\t\t\t\t\t<span class=\"uael-table__text\">\n\t\t\t\t\t\t\t\t\t\t\t\t\t\t\t\t\t\t\t\t\t\t\t\t\t\t\t\t\t\t\t\t\t\t<span class=\"uael-table__text-inner\">Kurs<\/span>\n\n\t\t\t\t\t\t\t\t\t\t\t\t\t\t\t\t\t\t\t\t\t\t\t\t\t\t\t\t\t\t\t\t\t<\/span>\n\t\t\t\t\t\t\t\t\t\t\t\t\t\t<\/span>\n\t\t\t\t\t\t<\/th>\n\t\t\t\t\t\t\t\t\t\t\t\t<th data-sort=\"1\" class=\"sort-this elementor-repeater-item-8978523 uael-table-col\" scope=\"col\">\n\t\t\t\t\t\t\t<span class=\"sort-style\">\n\t\t\t\t\t\t\t<span class=\"uael-table__text\">\n\t\t\t\t\t\t\t\t\t\t\t\t\t\t\t\t\t\t\t\t\t\t\t\t\t\t\t\t\t\t\t\t\t\t<span class=\"uael-table__text-inner\">Cena<\/span>\n\n\t\t\t\t\t\t\t\t\t\t\t\t\t\t\t\t\t\t\t\t\t\t\t\t\t\t\t\t\t\t\t\t\t<\/span>\n\t\t\t\t\t\t\t\t\t\t\t\t\t\t<\/span>\n\t\t\t\t\t\t<\/th>\n\t\t\t\t\t\t\t\t<\/thead>\n\t\t\t\t<tbody>\n\t\t\t<!-- ROWS -->\n\t\t\t\t\t\t\t\t\t\t<tr data-entry=\"1\" class=\"uael-table-row\">\n\t\t\t\t\t\t\t\t\t\t\t\t\t\t\t\t\t<td class=\"uael-table-col elementor-repeater-item-d15e9cf\" data-title=\"Kurs\">\n\t\t\t\t\t\t\t\t\t\t\t\t\t\t\t<span class=\"uael-table__text\">\n\t\t\t\t\t\t\t\t\t\t\t\t\t\t\t\t\t\t\t\t\t\t\t\t\t\t\t\t\t\t\t\t\t\t\t\t\t<span class=\"uael-table__text-inner\">kurs praktyczny przygotowuj\u0105cy do egzaminu na patent strzelecki<\/span>\n\t\t\t\t\t\t\t\t\t\t\t\t\t\t\t\t\t\t\t\t\t\t\t\t\t\t\t\t\t\t\t\t\t\t\t\t<\/span>\n\t\t\t\t\t\t\t\t\t\t\t\t\t<\/td>\n\t\t\t\t\t\t\t\t\t\t\t\t\t<td class=\"uael-table-col elementor-repeater-item-49de138\" data-title=\"Cena\">\n\t\t\t\t\t\t\t\t\t\t\t\t\t\t\t<span class=\"uael-table__text\">\n\t\t\t\t\t\t\t\t\t\t\t\t\t\t\t\t\t\t\t\t\t\t\t\t\t\t\t\t\t\t\t\t\t\t\t\t\t<span class=\"uael-table__text-inner\"><center>300 z\u0142\/3h + op\u0142ata strzelnicy + koszt amunicji<\/center><\/span>\n\t\t\t\t\t\t\t\t\t\t\t\t\t\t\t\t\t\t\t\t\t\t\t\t\t\t\t\t\t\t\t\t\t\t\t\t<\/span>\n\t\t\t\t\t\t\t\t\t\t\t\t\t<\/td>\n\t\t\t\t\t\t\t\t\t\t\t\t\t\t<\/tr><tr data-entry=\"2\" class=\"uael-table-row\">\n\t\t\t\t\t\t\t\t\t\t\t\t\t\t\t\t\t\t<td class=\"uael-table-col elementor-repeater-item-372a490\" data-title=\"Kurs\">\n\t\t\t\t\t\t\t\t\t\t\t\t\t\t\t<span class=\"uael-table__text\">\n\t\t\t\t\t\t\t\t\t\t\t\t\t\t\t\t\t\t\t\t\t\t\t\t\t\t\t\t\t\t\t\t\t\t\t\t\t<span class=\"uael-table__text-inner\">kurs teoretyczny i praktyczny przygotowuj\u0105cy do egzaminu na pozwolenie na bro\u0144 paln\u0105 do cel\u00f3w\n\nkolekcjonerskich<\/span>\n\t\t\t\t\t\t\t\t\t\t\t\t\t\t\t\t\t\t\t\t\t\t\t\t\t\t\t\t\t\t\t\t\t\t\t\t<\/span>\n\t\t\t\t\t\t\t\t\t\t\t\t\t<\/td>\n\t\t\t\t\t\t\t\t\t\t\t\t\t<th class=\"uael-table-col elementor-repeater-item-22ffa3b\" data-title=\"Cena\">\n\t\t\t\t\t\t\t\t\t\t\t\t\t\t\t<span class=\"uael-table__text\">\n\t\t\t\t\t\t\t\t\t\t\t\t\t\t\t\t\t\t\t\t\t\t\t\t\t\t\t\t\t\t\t\t\t\t\t\t\t<span class=\"uael-table__text-inner\"><body>\n<center>\n  <p style=\"color:white\">300 z\u0142\/3h<\/p>\n<\/center>\n<\/body><\/span>\n\t\t\t\t\t\t\t\t\t\t\t\t\t\t\t\t\t\t\t\t\t\t\t\t\t\t\t\t\t\t\t\t\t\t\t\t<\/span>\n\t\t\t\t\t\t\t\t\t\t\t\t\t<\/td>\n\t\t\t\t\t\t\t\t\t\t\t\t\t\t<\/tr><tr data-entry=\"3\" class=\"uael-table-row\">\n\t\t\t\t\t\t\t\t\t\t\t\t\t\t\t\t\t\t<td class=\"uael-table-col elementor-repeater-item-46dfece\" data-title=\"Kurs\">\n\t\t\t\t\t\t\t\t\t\t\t\t\t\t\t<span class=\"uael-table__text\">\n\t\t\t\t\t\t\t\t\t\t\t\t\t\t\t\t\t\t\t\t\t\t\t\t\t\t\t\t\t\t\t\t\t\t\t\t\t<span class=\"uael-table__text-inner\">indywidualny trening strzelecki ze specjalno\u015bci\u0105: strzelectwo sportowe, bojowe<\/span>\n\t\t\t\t\t\t\t\t\t\t\t\t\t\t\t\t\t\t\t\t\t\t\t\t\t\t\t\t\t\t\t\t\t\t\t\t<\/span>\n\t\t\t\t\t\t\t\t\t\t\t\t\t<\/td>\n\t\t\t\t\t\t\t\t\t\t\t\t\t<th class=\"uael-table-col elementor-repeater-item-d790bef\" data-title=\"Cena\">\n\t\t\t\t\t\t\t\t\t\t\t\t\t\t\t<span class=\"uael-table__text\">\n\t\t\t\t\t\t\t\t\t\t\t\t\t\t\t\t\t\t\t\t\t\t\t\t\t\t\t\t\t\t\t\t\t\t\t\t\t<span class=\"uael-table__text-inner\"><body>\n<center>\n  <p style=\"color:white\">100 z\u0142\/1h<\/p>\n<\/center>\n<\/body><\/span>\n\t\t\t\t\t\t\t\t\t\t\t\t\t\t\t\t\t\t\t\t\t\t\t\t\t\t\t\t\t\t\t\t\t\t\t\t<\/span>\n\t\t\t\t\t\t\t\t\t\t\t\t\t<\/td>\n\t\t\t\t\t\t\t\t\t\t\t\t\t\t<\/tr><tr data-entry=\"4\" class=\"uael-table-row\">\n\t\t\t\t\t\t\t\t\t\t\t\t\t\t\t\t\t\t<td class=\"uael-table-col elementor-repeater-item-208b45f\" data-title=\"Kurs\">\n\t\t\t\t\t\t\t\t\t\t\t\t\t\t\t<span class=\"uael-table__text\">\n\t\t\t\t\t\t\t\t\t\t\t\t\t\t\t\t\t\t\t\t\t\t\t\t\t\t\t\t\t\t\t\t\t\t\t\t\t<span class=\"uael-table__text-inner\">kurs z zakresu bezpiecznego pos\u0142ugiwania si\u0119 broni\u0105 czarnoprochow\u0105 i zasad bezpiecze\u0144stwa na\n\nstrzelnicy<\/span>\n\t\t\t\t\t\t\t\t\t\t\t\t\t\t\t\t\t\t\t\t\t\t\t\t\t\t\t\t\t\t\t\t\t\t\t\t<\/span>\n\t\t\t\t\t\t\t\t\t\t\t\t\t<\/td>\n\t\t\t\t\t\t\t\t\t\t\t\t\t<td class=\"uael-table-col elementor-repeater-item-e5754f8\" data-title=\"Cena\">\n\t\t\t\t\t\t\t\t\t\t\t\t\t\t\t<span class=\"uael-table__text\">\n\t\t\t\t\t\t\t\t\t\t\t\t\t\t\t\t\t\t\t\t\t\t\t\t\t\t\t\t\t\t\t\t\t\t\t\t\t<span class=\"uael-table__text-inner\"><center>290 z\u0142 \/ 3h (w cenie: op\u0142ata strzelnicy, czarny proch, tarcze)<\/center><\/span>\n\t\t\t\t\t\t\t\t\t\t\t\t\t\t\t\t\t\t\t\t\t\t\t\t\t\t\t\t\t\t\t\t\t\t\t\t<\/span>\n\t\t\t\t\t\t\t\t\t\t\t\t\t<\/td>\n\t\t\t\t\t\t\t\t\t\t\t\t\t\t<\/tr><tr data-entry=\"5\" class=\"uael-table-row\">\n\t\t\t\t\t\t\t\t\t\t\t\t\t\t\t\t\t\t<td class=\"uael-table-col elementor-repeater-item-be92fc3\" data-title=\"Kurs\">\n\t\t\t\t\t\t\t\t\t\t\t\t\t\t\t<span class=\"uael-table__text\">\n\t\t\t\t\t\t\t\t\t\t\t\t\t\t\t\t\t\t\t\t\t\t\t\t\t\t\t\t\t\t\t\t\t\t\t\t\t<span class=\"uael-table__text-inner\">kurs dla s\u0142u\u017cb mundurowych z zakresu obs\u0142ugi broni g\u0142adkolufowej, centralnego i bocznego\nzap\u0142onu; w programie bro\u0144 kr\u00f3tka i d\u0142uga - kurs zako\u0144czony za\u015bwiadczeniem o przeszkoleniu z\nwybranych kategorii broni.<\/span>\n\t\t\t\t\t\t\t\t\t\t\t\t\t\t\t\t\t\t\t\t\t\t\t\t\t\t\t\t\t\t\t\t\t\t\t\t<\/span>\n\t\t\t\t\t\t\t\t\t\t\t\t\t<\/td>\n\t\t\t\t\t\t\t\t\t\t\t\t\t<td class=\"uael-table-col elementor-repeater-item-e83ff29\" data-title=\"Cena\">\n\t\t\t\t\t\t\t\t\t\t\t\t\t\t\t<span class=\"uael-table__text\">\n\t\t\t\t\t\t\t\t\t\t\t\t\t\t\t\t\t\t\t\t\t\t\t\t\t\t\t\t\t\t\t\t\t\t\t\t\t<span class=\"uael-table__text-inner\"><center>225 z\u0142 \/ 3h + op\u0142ata strzelnicy + koszt amunicji<\/center><\/span>\n\t\t\t\t\t\t\t\t\t\t\t\t\t\t\t\t\t\t\t\t\t\t\t\t\t\t\t\t\t\t\t\t\t\t\t\t<\/span>\n\t\t\t\t\t\t\t\t\t\t\t\t\t<\/td>\n\t\t\t\t\t\t\t\t\t<\/tbody>\n\t<\/table>\n\t\t<\/div>\n\t\t<\/div>\n\t\t\t\t<\/div>\n\t\t\t\t\t\t<\/div>\n\t\t\t\t\t<\/div>\n\t\t<\/div>\n\t\t\t\t\t\t\t\t<\/div>\n\t\t\t\t\t<\/div>\n\t\t<\/section>\n\t\t\t\t\t\t<\/div>\n\t\t\t\t\t\t<\/div>\n\t\t\t\t\t<\/div>\n\t\t","protected":false},"excerpt":{"rendered":"<p>SZKOLENIA I KURSY SPECIALISTYCZNE Kurs Cena kurs praktyczny przygotowuj\u0105cy do egzaminu na patent strzelecki 300 z\u0142\/3h + op\u0142ata strzelnicy + koszt amunicji kurs teoretyczny i praktyczny przygotowuj\u0105cy do egzaminu na pozwolenie na bro\u0144 paln\u0105 do cel\u00f3w kolekcjonerskich 300 z\u0142\/3h indywidualny trening strzelecki ze specjalno\u015bci\u0105: strzelectwo sportowe, bojowe 100 z\u0142\/1h kurs z zakresu bezpiecznego pos\u0142ugiwania si\u0119 [&hellip;]<\/p>\n","protected":false},"author":1,"featured_media":0,"parent":0,"menu_order":0,"comment_status":"closed","ping_status":"closed","template":"","meta":[],"yoast_head":"<!-- This site is optimized with the Yoast SEO Premium plugin v17.0 (Yoast SEO v17.0) - https:\/\/yoast.com\/wordpress\/plugins\/seo\/ -->\n<title>SZKOLENIA I KURSY SPECIALISTYCZNE Szko\u0142a Strzelania Wroc\u0142aw Strzelnica Wroc\u0142aw Bro\u0144 Pistolet &mdash; shoot-gun.pl Szko\u0142a Strzelania Wroc\u0142aw<\/title>\n<meta name=\"description\" content=\"Szko\u0142a %Strzelania %Wroc\u0142aw %Strzelnica %Bro\u0144 %Pistolet\" \/>\n<meta name=\"robots\" content=\"index, follow, max-snippet:-1, max-image-preview:large, max-video-preview:-1\" \/>\n<link rel=\"canonical\" href=\"https:\/\/shoot-gun.pl\/index.php\/szkolenia-i-kursy-specialistyczne\/\" \/>\n<meta property=\"og:locale\" content=\"en_US\" \/>\n<meta property=\"og:type\" content=\"article\" \/>\n<meta property=\"og:title\" content=\"SZKOLENIA I KURSY SPECIALISTYCZNE\" \/>\n<meta property=\"og:description\" content=\"Szko\u0142a %Strzelania %Wroc\u0142aw %Strzelnica %Bro\u0144 %Pistolet\" \/>\n<meta property=\"og:url\" content=\"https:\/\/shoot-gun.pl\/index.php\/szkolenia-i-kursy-specialistyczne\/\" \/>\n<meta property=\"og:site_name\" content=\"shoot-gun.pl\" \/>\n<meta property=\"article:modified_time\" content=\"2022-06-11T23:30:12+00:00\" \/>\n<meta name=\"twitter:card\" content=\"summary_large_image\" \/>\n<meta name=\"twitter:label1\" content=\"Est. reading time\" \/>\n\t<meta name=\"twitter:data1\" content=\"1 minute\" \/>\n<script type=\"application\/ld+json\" class=\"yoast-schema-graph\">{\"@context\":\"https:\/\/schema.org\",\"@graph\":[{\"@type\":\"WebSite\",\"@id\":\"https:\/\/shoot-gun.pl\/#website\",\"url\":\"https:\/\/shoot-gun.pl\/\",\"name\":\"shoot-gun.pl\",\"description\":\"Z pasji do strzelectwa.\",\"potentialAction\":[{\"@type\":\"SearchAction\",\"target\":{\"@type\":\"EntryPoint\",\"urlTemplate\":\"https:\/\/shoot-gun.pl\/?s={search_term_string}\"},\"query-input\":\"required name=search_term_string\"}],\"inLanguage\":\"en-US\"},{\"@type\":\"WebPage\",\"@id\":\"https:\/\/shoot-gun.pl\/index.php\/szkolenia-i-kursy-specialistyczne\/#webpage\",\"url\":\"https:\/\/shoot-gun.pl\/index.php\/szkolenia-i-kursy-specialistyczne\/\",\"name\":\"SZKOLENIA I KURSY SPECIALISTYCZNE Szko\\u0142a Strzelania Wroc\\u0142aw Strzelnica Wroc\\u0142aw Bro\\u0144 Pistolet &mdash; shoot-gun.pl Szko\\u0142a Strzelania Wroc\\u0142aw\",\"isPartOf\":{\"@id\":\"https:\/\/shoot-gun.pl\/#website\"},\"datePublished\":\"2021-10-02T21:35:34+00:00\",\"dateModified\":\"2022-06-11T23:30:12+00:00\",\"description\":\"Szko\\u0142a %Strzelania %Wroc\\u0142aw %Strzelnica %Bro\\u0144 %Pistolet\",\"breadcrumb\":{\"@id\":\"https:\/\/shoot-gun.pl\/index.php\/szkolenia-i-kursy-specialistyczne\/#breadcrumb\"},\"inLanguage\":\"en-US\",\"potentialAction\":[{\"@type\":\"ReadAction\",\"target\":[\"https:\/\/shoot-gun.pl\/index.php\/szkolenia-i-kursy-specialistyczne\/\"]}]},{\"@type\":\"BreadcrumbList\",\"@id\":\"https:\/\/shoot-gun.pl\/index.php\/szkolenia-i-kursy-specialistyczne\/#breadcrumb\",\"itemListElement\":[{\"@type\":\"ListItem\",\"position\":1,\"name\":\"Home\",\"item\":\"https:\/\/shoot-gun.pl\/\"},{\"@type\":\"ListItem\",\"position\":2,\"name\":\"SZKOLENIA I KURSY SPECIALISTYCZNE\"}]}]}<\/script>\n<!-- \/ Yoast SEO Premium plugin. -->","yoast_head_json":{"title":"SZKOLENIA I KURSY SPECIALISTYCZNE Szko\u0142a Strzelania Wroc\u0142aw Strzelnica Wroc\u0142aw Bro\u0144 Pistolet &mdash; shoot-gun.pl Szko\u0142a Strzelania Wroc\u0142aw","description":"Szko\u0142a %Strzelania %Wroc\u0142aw %Strzelnica %Bro\u0144 %Pistolet","robots":{"index":"index","follow":"follow","max-snippet":"max-snippet:-1","max-image-preview":"max-image-preview:large","max-video-preview":"max-video-preview:-1"},"canonical":"https:\/\/shoot-gun.pl\/index.php\/szkolenia-i-kursy-specialistyczne\/","og_locale":"en_US","og_type":"article","og_title":"SZKOLENIA I KURSY SPECIALISTYCZNE","og_description":"Szko\u0142a %Strzelania %Wroc\u0142aw %Strzelnica %Bro\u0144 %Pistolet","og_url":"https:\/\/shoot-gun.pl\/index.php\/szkolenia-i-kursy-specialistyczne\/","og_site_name":"shoot-gun.pl","article_modified_time":"2022-06-11T23:30:12+00:00","twitter_card":"summary_large_image","twitter_misc":{"Est. reading time":"1 minute"},"schema":{"@context":"https:\/\/schema.org","@graph":[{"@type":"WebSite","@id":"https:\/\/shoot-gun.pl\/#website","url":"https:\/\/shoot-gun.pl\/","name":"shoot-gun.pl","description":"Z pasji do strzelectwa.","potentialAction":[{"@type":"SearchAction","target":{"@type":"EntryPoint","urlTemplate":"https:\/\/shoot-gun.pl\/?s={search_term_string}"},"query-input":"required name=search_term_string"}],"inLanguage":"en-US"},{"@type":"WebPage","@id":"https:\/\/shoot-gun.pl\/index.php\/szkolenia-i-kursy-specialistyczne\/#webpage","url":"https:\/\/shoot-gun.pl\/index.php\/szkolenia-i-kursy-specialistyczne\/","name":"SZKOLENIA I KURSY SPECIALISTYCZNE Szko\u0142a Strzelania Wroc\u0142aw Strzelnica Wroc\u0142aw Bro\u0144 Pistolet &mdash; shoot-gun.pl Szko\u0142a Strzelania Wroc\u0142aw","isPartOf":{"@id":"https:\/\/shoot-gun.pl\/#website"},"datePublished":"2021-10-02T21:35:34+00:00","dateModified":"2022-06-11T23:30:12+00:00","description":"Szko\u0142a %Strzelania %Wroc\u0142aw %Strzelnica %Bro\u0144 %Pistolet","breadcrumb":{"@id":"https:\/\/shoot-gun.pl\/index.php\/szkolenia-i-kursy-specialistyczne\/#breadcrumb"},"inLanguage":"en-US","potentialAction":[{"@type":"ReadAction","target":["https:\/\/shoot-gun.pl\/index.php\/szkolenia-i-kursy-specialistyczne\/"]}]},{"@type":"BreadcrumbList","@id":"https:\/\/shoot-gun.pl\/index.php\/szkolenia-i-kursy-specialistyczne\/#breadcrumb","itemListElement":[{"@type":"ListItem","position":1,"name":"Home","item":"https:\/\/shoot-gun.pl\/"},{"@type":"ListItem","position":2,"name":"SZKOLENIA I KURSY SPECIALISTYCZNE"}]}]}},"_links":{"self":[{"href":"https:\/\/shoot-gun.pl\/index.php\/wp-json\/wp\/v2\/pages\/709"}],"collection":[{"href":"https:\/\/shoot-gun.pl\/index.php\/wp-json\/wp\/v2\/pages"}],"about":[{"href":"https:\/\/shoot-gun.pl\/index.php\/wp-json\/wp\/v2\/types\/page"}],"author":[{"embeddable":true,"href":"https:\/\/shoot-gun.pl\/index.php\/wp-json\/wp\/v2\/users\/1"}],"replies":[{"embeddable":true,"href":"https:\/\/shoot-gun.pl\/index.php\/wp-json\/wp\/v2\/comments?post=709"}],"version-history":[{"count":20,"href":"https:\/\/shoot-gun.pl\/index.php\/wp-json\/wp\/v2\/pages\/709\/revisions"}],"predecessor-version":[{"id":942,"href":"https:\/\/shoot-gun.pl\/index.php\/wp-json\/wp\/v2\/pages\/709\/revisions\/942"}],"wp:attachment":[{"href":"https:\/\/shoot-gun.pl\/index.php\/wp-json\/wp\/v2\/media?parent=709"}],"curies":[{"name":"wp","href":"https:\/\/api.w.org\/{rel}","templated":true}]}}