{"id":38,"date":"2020-09-14T23:41:43","date_gmt":"2020-09-14T23:41:43","guid":{"rendered":"http:\/\/www.shoot-gun.pl\/?page_id=38"},"modified":"2021-09-07T11:47:02","modified_gmt":"2021-09-07T11:47:02","slug":"aktualnosci","status":"publish","type":"page","link":"https:\/\/shoot-gun.pl\/index.php\/aktualnosci\/","title":{"rendered":"Uprawnienia"},"content":{"rendered":"\t\t<div data-elementor-type=\"wp-page\" data-elementor-id=\"38\" class=\"elementor elementor-38\" data-elementor-settings=\"[]\">\n\t\t\t\t\t\t<div class=\"elementor-inner\">\n\t\t\t\t\t\t\t<div class=\"elementor-section-wrap\">\n\t\t\t\t\t\t\t<section class=\"elementor-section elementor-top-section elementor-element elementor-element-0851300 elementor-section-boxed elementor-section-height-default elementor-section-height-default\" data-id=\"0851300\" data-element_type=\"section\" data-settings=\"{&quot;background_background&quot;:&quot;classic&quot;}\">\n\t\t\t\t\t\t<div class=\"elementor-container elementor-column-gap-default\">\n\t\t\t\t\t\t\t<div class=\"elementor-row\">\n\t\t\t\t\t<div class=\"elementor-column elementor-col-100 elementor-top-column elementor-element elementor-element-275f3ed\" data-id=\"275f3ed\" data-element_type=\"column\">\n\t\t\t<div class=\"elementor-column-wrap elementor-element-populated\">\n\t\t\t\t\t\t\t<div class=\"elementor-widget-wrap\">\n\t\t\t\t\t\t<div class=\"elementor-element elementor-element-1cbd8b6 elementor-widget elementor-widget-text-editor\" data-id=\"1cbd8b6\" data-element_type=\"widget\" data-widget_type=\"text-editor.default\">\n\t\t\t\t<div class=\"elementor-widget-container\">\n\t\t\t\t\t<div class=\"elementor-text-editor elementor-clearfix\"><\/div>\n\t\t\t\t<\/div>\n\t\t\t\t<\/div>\n\t\t\t\t<div class=\"elementor-element elementor-element-48048ec elementor-widget elementor-widget-text-editor\" data-id=\"48048ec\" data-element_type=\"widget\" data-widget_type=\"text-editor.default\">\n\t\t\t\t<div class=\"elementor-widget-container\">\n\t\t\t\t\t<div class=\"elementor-text-editor elementor-clearfix\"><\/div>\n\t\t\t\t<\/div>\n\t\t\t\t<\/div>\n\t\t\t\t<div class=\"elementor-element elementor-element-9363887 elementor-widget elementor-widget-text-editor\" data-id=\"9363887\" data-element_type=\"widget\" data-widget_type=\"text-editor.default\">\n\t\t\t\t<div class=\"elementor-widget-container\">\n\t\t\t\t\t<div class=\"elementor-text-editor elementor-clearfix\"><\/div>\n\t\t\t\t<\/div>\n\t\t\t\t<\/div>\n\t\t\t\t<div class=\"elementor-element elementor-element-a866e26 elementor-widget elementor-widget-text-editor\" data-id=\"a866e26\" data-element_type=\"widget\" data-widget_type=\"text-editor.default\">\n\t\t\t\t<div class=\"elementor-widget-container\">\n\t\t\t\t\t<div class=\"elementor-text-editor elementor-clearfix\"><\/div>\n\t\t\t\t<\/div>\n\t\t\t\t<\/div>\n\t\t\t\t<div class=\"elementor-element elementor-element-0d85ddf elementor-widget elementor-widget-gallery\" data-id=\"0d85ddf\" data-element_type=\"widget\" data-settings=\"{&quot;gallery_layout&quot;:&quot;masonry&quot;,&quot;columns&quot;:3,&quot;gap&quot;:{&quot;unit&quot;:&quot;px&quot;,&quot;size&quot;:33,&quot;sizes&quot;:[]},&quot;lazyload&quot;:&quot;yes&quot;,&quot;columns_tablet&quot;:2,&quot;columns_mobile&quot;:1,&quot;gap_tablet&quot;:{&quot;unit&quot;:&quot;px&quot;,&quot;size&quot;:10,&quot;sizes&quot;:[]},&quot;gap_mobile&quot;:{&quot;unit&quot;:&quot;px&quot;,&quot;size&quot;:10,&quot;sizes&quot;:[]},&quot;link_to&quot;:&quot;file&quot;,&quot;overlay_background&quot;:&quot;yes&quot;,&quot;content_hover_animation&quot;:&quot;fade-in&quot;}\" data-widget_type=\"gallery.default\">\n\t\t\t\t<div class=\"elementor-widget-container\">\n\t\t\t\t\t<div class=\"elementor-gallery__container\">\n\t\t\t\t\t\t\t<a class=\"e-gallery-item elementor-gallery-item elementor-animated-content\" href=\"https:\/\/shoot-gun.pl\/wp-content\/uploads\/2021\/09\/PNG5.png\" data-elementor-open-lightbox=\"yes\" data-elementor-lightbox-slideshow=\"all-0d85ddf\" data-elementor-lightbox-title=\"PNG5\">\n\t\t\t\t\t<div class=\"e-gallery-image elementor-gallery-item__image\" data-thumbnail=\"https:\/\/shoot-gun.pl\/wp-content\/uploads\/2021\/09\/PNG5-300x190.png\" data-width=\"300\" data-height=\"190\" alt=\"\" ><\/div>\n\t\t\t\t\t\t\t\t\t\t<div class=\"elementor-gallery-item__overlay\"><\/div>\n\t\t\t\t\t\t\t\t\t\t\t\t\t\t<\/a>\n\t\t\t\t\t\t\t<a class=\"e-gallery-item elementor-gallery-item elementor-animated-content\" href=\"https:\/\/shoot-gun.pl\/wp-content\/uploads\/2021\/09\/PNG4.png\" data-elementor-open-lightbox=\"yes\" data-elementor-lightbox-slideshow=\"all-0d85ddf\" data-elementor-lightbox-title=\"PNG4\">\n\t\t\t\t\t<div class=\"e-gallery-image elementor-gallery-item__image\" data-thumbnail=\"https:\/\/shoot-gun.pl\/wp-content\/uploads\/2021\/09\/PNG4-300x208.png\" data-width=\"300\" data-height=\"208\" alt=\"\" ><\/div>\n\t\t\t\t\t\t\t\t\t\t<div class=\"elementor-gallery-item__overlay\"><\/div>\n\t\t\t\t\t\t\t\t\t\t\t\t\t\t<\/a>\n\t\t\t\t\t\t\t<a class=\"e-gallery-item elementor-gallery-item elementor-animated-content\" href=\"https:\/\/shoot-gun.pl\/wp-content\/uploads\/2021\/09\/PNG2.png\" data-elementor-open-lightbox=\"yes\" data-elementor-lightbox-slideshow=\"all-0d85ddf\" data-elementor-lightbox-title=\"PNG2\">\n\t\t\t\t\t<div class=\"e-gallery-image elementor-gallery-item__image\" data-thumbnail=\"https:\/\/shoot-gun.pl\/wp-content\/uploads\/2021\/09\/PNG2-300x201.png\" data-width=\"300\" data-height=\"201\" alt=\"\" ><\/div>\n\t\t\t\t\t\t\t\t\t\t<div class=\"elementor-gallery-item__overlay\"><\/div>\n\t\t\t\t\t\t\t\t\t\t\t\t\t\t<\/a>\n\t\t\t\t\t\t\t<a class=\"e-gallery-item elementor-gallery-item elementor-animated-content\" href=\"https:\/\/shoot-gun.pl\/wp-content\/uploads\/2021\/09\/PNG6.png\" data-elementor-open-lightbox=\"yes\" data-elementor-lightbox-slideshow=\"all-0d85ddf\" data-elementor-lightbox-title=\"PNG6\">\n\t\t\t\t\t<div class=\"e-gallery-image elementor-gallery-item__image\" data-thumbnail=\"https:\/\/shoot-gun.pl\/wp-content\/uploads\/2021\/09\/PNG6-300x215.png\" data-width=\"300\" data-height=\"215\" alt=\"\" ><\/div>\n\t\t\t\t\t\t\t\t\t\t<div class=\"elementor-gallery-item__overlay\"><\/div>\n\t\t\t\t\t\t\t\t\t\t\t\t\t\t<\/a>\n\t\t\t\t\t\t\t<a class=\"e-gallery-item elementor-gallery-item elementor-animated-content\" href=\"https:\/\/shoot-gun.pl\/wp-content\/uploads\/2021\/09\/PNG3.png\" data-elementor-open-lightbox=\"yes\" data-elementor-lightbox-slideshow=\"all-0d85ddf\" data-elementor-lightbox-title=\"PNG3\">\n\t\t\t\t\t<div class=\"e-gallery-image elementor-gallery-item__image\" data-thumbnail=\"https:\/\/shoot-gun.pl\/wp-content\/uploads\/2021\/09\/PNG3-214x300.png\" data-width=\"214\" data-height=\"300\" alt=\"\" ><\/div>\n\t\t\t\t\t\t\t\t\t\t<div class=\"elementor-gallery-item__overlay\"><\/div>\n\t\t\t\t\t\t\t\t\t\t\t\t\t\t<\/a>\n\t\t\t\t\t\t\t<a class=\"e-gallery-item elementor-gallery-item elementor-animated-content\" href=\"https:\/\/shoot-gun.pl\/wp-content\/uploads\/2021\/09\/PNG1.png\" data-elementor-open-lightbox=\"yes\" data-elementor-lightbox-slideshow=\"all-0d85ddf\" data-elementor-lightbox-title=\"PNG1\">\n\t\t\t\t\t<div class=\"e-gallery-image elementor-gallery-item__image\" data-thumbnail=\"https:\/\/shoot-gun.pl\/wp-content\/uploads\/2021\/09\/PNG1-212x300.png\" data-width=\"212\" data-height=\"300\" alt=\"\" ><\/div>\n\t\t\t\t\t\t\t\t\t\t<div class=\"elementor-gallery-item__overlay\"><\/div>\n\t\t\t\t\t\t\t\t\t\t\t\t\t\t<\/a>\n\t\t\t\t\t<\/div>\n\t\t\t<\/div>\n\t\t\t\t<\/div>\n\t\t\t\t\t\t<\/div>\n\t\t\t\t\t<\/div>\n\t\t<\/div>\n\t\t\t\t\t\t\t\t<\/div>\n\t\t\t\t\t<\/div>\n\t\t<\/section>\n\t\t\t\t\t\t<\/div>\n\t\t\t\t\t\t<\/div>\n\t\t\t\t\t<\/div>\n\t\t","protected":false},"excerpt":{"rendered":"","protected":false},"author":1,"featured_media":0,"parent":0,"menu_order":0,"comment_status":"closed","ping_status":"closed","template":"page-templates\/full-width-page.php","meta":[],"yoast_head":"<!-- This site is optimized with the Yoast SEO Premium plugin v17.0 (Yoast SEO v17.0) - https:\/\/yoast.com\/wordpress\/plugins\/seo\/ -->\n<title>Uprawnienia Szko\u0142a Strzelania Wroc\u0142aw Strzelnica Wroc\u0142aw Bro\u0144 Pistolet &mdash; shoot-gun.pl Szko\u0142a Strzelania Wroc\u0142aw<\/title>\n<meta name=\"description\" content=\"Szko\u0142a %Strzelania %Wroc\u0142aw %Strzelnica %Bro\u0144 %Pistolet\" \/>\n<meta name=\"robots\" content=\"index, follow, max-snippet:-1, max-image-preview:large, max-video-preview:-1\" \/>\n<link rel=\"canonical\" href=\"https:\/\/shoot-gun.pl\/index.php\/aktualnosci\/\" \/>\n<meta property=\"og:locale\" content=\"en_US\" \/>\n<meta property=\"og:type\" content=\"article\" \/>\n<meta property=\"og:title\" content=\"Uprawnienia\" \/>\n<meta property=\"og:description\" content=\"Szko\u0142a %Strzelania %Wroc\u0142aw %Strzelnica %Bro\u0144 %Pistolet\" \/>\n<meta property=\"og:url\" content=\"https:\/\/shoot-gun.pl\/index.php\/aktualnosci\/\" \/>\n<meta property=\"og:site_name\" content=\"shoot-gun.pl\" \/>\n<meta property=\"article:modified_time\" content=\"2021-09-07T11:47:02+00:00\" \/>\n<meta name=\"twitter:card\" content=\"summary_large_image\" \/>\n<script type=\"application\/ld+json\" class=\"yoast-schema-graph\">{\"@context\":\"https:\/\/schema.org\",\"@graph\":[{\"@type\":\"WebSite\",\"@id\":\"https:\/\/shoot-gun.pl\/#website\",\"url\":\"https:\/\/shoot-gun.pl\/\",\"name\":\"shoot-gun.pl\",\"description\":\"Z pasji do strzelectwa.\",\"potentialAction\":[{\"@type\":\"SearchAction\",\"target\":{\"@type\":\"EntryPoint\",\"urlTemplate\":\"https:\/\/shoot-gun.pl\/?s={search_term_string}\"},\"query-input\":\"required name=search_term_string\"}],\"inLanguage\":\"en-US\"},{\"@type\":\"WebPage\",\"@id\":\"https:\/\/shoot-gun.pl\/index.php\/aktualnosci\/#webpage\",\"url\":\"https:\/\/shoot-gun.pl\/index.php\/aktualnosci\/\",\"name\":\"Uprawnienia Szko\\u0142a Strzelania Wroc\\u0142aw Strzelnica Wroc\\u0142aw Bro\\u0144 Pistolet &mdash; shoot-gun.pl Szko\\u0142a Strzelania Wroc\\u0142aw\",\"isPartOf\":{\"@id\":\"https:\/\/shoot-gun.pl\/#website\"},\"datePublished\":\"2020-09-14T23:41:43+00:00\",\"dateModified\":\"2021-09-07T11:47:02+00:00\",\"description\":\"Szko\\u0142a %Strzelania %Wroc\\u0142aw %Strzelnica %Bro\\u0144 %Pistolet\",\"breadcrumb\":{\"@id\":\"https:\/\/shoot-gun.pl\/index.php\/aktualnosci\/#breadcrumb\"},\"inLanguage\":\"en-US\",\"potentialAction\":[{\"@type\":\"ReadAction\",\"target\":[\"https:\/\/shoot-gun.pl\/index.php\/aktualnosci\/\"]}]},{\"@type\":\"BreadcrumbList\",\"@id\":\"https:\/\/shoot-gun.pl\/index.php\/aktualnosci\/#breadcrumb\",\"itemListElement\":[{\"@type\":\"ListItem\",\"position\":1,\"name\":\"Home\",\"item\":\"https:\/\/shoot-gun.pl\/\"},{\"@type\":\"ListItem\",\"position\":2,\"name\":\"Uprawnienia\"}]}]}<\/script>\n<!-- \/ Yoast SEO Premium plugin. -->","yoast_head_json":{"title":"Uprawnienia Szko\u0142a Strzelania Wroc\u0142aw Strzelnica Wroc\u0142aw Bro\u0144 Pistolet &mdash; shoot-gun.pl Szko\u0142a Strzelania Wroc\u0142aw","description":"Szko\u0142a %Strzelania %Wroc\u0142aw %Strzelnica %Bro\u0144 %Pistolet","robots":{"index":"index","follow":"follow","max-snippet":"max-snippet:-1","max-image-preview":"max-image-preview:large","max-video-preview":"max-video-preview:-1"},"canonical":"https:\/\/shoot-gun.pl\/index.php\/aktualnosci\/","og_locale":"en_US","og_type":"article","og_title":"Uprawnienia","og_description":"Szko\u0142a %Strzelania %Wroc\u0142aw %Strzelnica %Bro\u0144 %Pistolet","og_url":"https:\/\/shoot-gun.pl\/index.php\/aktualnosci\/","og_site_name":"shoot-gun.pl","article_modified_time":"2021-09-07T11:47:02+00:00","twitter_card":"summary_large_image","schema":{"@context":"https:\/\/schema.org","@graph":[{"@type":"WebSite","@id":"https:\/\/shoot-gun.pl\/#website","url":"https:\/\/shoot-gun.pl\/","name":"shoot-gun.pl","description":"Z pasji do strzelectwa.","potentialAction":[{"@type":"SearchAction","target":{"@type":"EntryPoint","urlTemplate":"https:\/\/shoot-gun.pl\/?s={search_term_string}"},"query-input":"required name=search_term_string"}],"inLanguage":"en-US"},{"@type":"WebPage","@id":"https:\/\/shoot-gun.pl\/index.php\/aktualnosci\/#webpage","url":"https:\/\/shoot-gun.pl\/index.php\/aktualnosci\/","name":"Uprawnienia Szko\u0142a Strzelania Wroc\u0142aw Strzelnica Wroc\u0142aw Bro\u0144 Pistolet &mdash; shoot-gun.pl Szko\u0142a Strzelania Wroc\u0142aw","isPartOf":{"@id":"https:\/\/shoot-gun.pl\/#website"},"datePublished":"2020-09-14T23:41:43+00:00","dateModified":"2021-09-07T11:47:02+00:00","description":"Szko\u0142a %Strzelania %Wroc\u0142aw %Strzelnica %Bro\u0144 %Pistolet","breadcrumb":{"@id":"https:\/\/shoot-gun.pl\/index.php\/aktualnosci\/#breadcrumb"},"inLanguage":"en-US","potentialAction":[{"@type":"ReadAction","target":["https:\/\/shoot-gun.pl\/index.php\/aktualnosci\/"]}]},{"@type":"BreadcrumbList","@id":"https:\/\/shoot-gun.pl\/index.php\/aktualnosci\/#breadcrumb","itemListElement":[{"@type":"ListItem","position":1,"name":"Home","item":"https:\/\/shoot-gun.pl\/"},{"@type":"ListItem","position":2,"name":"Uprawnienia"}]}]}},"_links":{"self":[{"href":"https:\/\/shoot-gun.pl\/index.php\/wp-json\/wp\/v2\/pages\/38"}],"collection":[{"href":"https:\/\/shoot-gun.pl\/index.php\/wp-json\/wp\/v2\/pages"}],"about":[{"href":"https:\/\/shoot-gun.pl\/index.php\/wp-json\/wp\/v2\/types\/page"}],"author":[{"embeddable":true,"href":"https:\/\/shoot-gun.pl\/index.php\/wp-json\/wp\/v2\/users\/1"}],"replies":[{"embeddable":true,"href":"https:\/\/shoot-gun.pl\/index.php\/wp-json\/wp\/v2\/comments?post=38"}],"version-history":[{"count":20,"href":"https:\/\/shoot-gun.pl\/index.php\/wp-json\/wp\/v2\/pages\/38\/revisions"}],"predecessor-version":[{"id":534,"href":"https:\/\/shoot-gun.pl\/index.php\/wp-json\/wp\/v2\/pages\/38\/revisions\/534"}],"wp:attachment":[{"href":"https:\/\/shoot-gun.pl\/index.php\/wp-json\/wp\/v2\/media?parent=38"}],"curies":[{"name":"wp","href":"https:\/\/api.w.org\/{rel}","templated":true}]}}