{"id":32,"date":"2020-09-14T23:34:14","date_gmt":"2020-09-14T23:34:14","guid":{"rendered":"http:\/\/www.shoot-gun.pl\/index.php\/colibri-wp\/"},"modified":"2022-01-15T18:13:45","modified_gmt":"2022-01-15T18:13:45","slug":"colibri-wp","status":"publish","type":"page","link":"https:\/\/shoot-gun.pl\/","title":{"rendered":"O mnie"},"content":{"rendered":"\t\t<div data-elementor-type=\"wp-page\" data-elementor-id=\"32\" class=\"elementor elementor-32\" data-elementor-settings=\"[]\">\n\t\t\t\t\t\t<div class=\"elementor-inner\">\n\t\t\t\t\t\t\t<div class=\"elementor-section-wrap\">\n\t\t\t\t\t\t\t<section class=\"elementor-section elementor-top-section elementor-element elementor-element-ba2e1f3 elementor-section-boxed elementor-section-height-default elementor-section-height-default\" data-id=\"ba2e1f3\" data-element_type=\"section\" data-settings=\"{&quot;background_background&quot;:&quot;classic&quot;}\">\n\t\t\t\t\t\t\t<div class=\"elementor-background-overlay\"><\/div>\n\t\t\t\t\t\t\t<div class=\"elementor-container elementor-column-gap-default\">\n\t\t\t\t\t\t\t<div class=\"elementor-row\">\n\t\t\t\t\t<div class=\"elementor-column elementor-col-50 elementor-top-column elementor-element elementor-element-5e7033a\" data-id=\"5e7033a\" data-element_type=\"column\">\n\t\t\t<div class=\"elementor-column-wrap\">\n\t\t\t\t\t\t\t<div class=\"elementor-widget-wrap\">\n\t\t\t\t\t\t\t\t<\/div>\n\t\t\t\t\t<\/div>\n\t\t<\/div>\n\t\t\t\t<div class=\"elementor-column elementor-col-50 elementor-top-column elementor-element elementor-element-641398a\" data-id=\"641398a\" data-element_type=\"column\">\n\t\t\t<div class=\"elementor-column-wrap elementor-element-populated\">\n\t\t\t\t\t\t\t<div class=\"elementor-widget-wrap\">\n\t\t\t\t\t\t<div class=\"elementor-element elementor-element-67f9dde elementor-widget elementor-widget-spacer\" data-id=\"67f9dde\" data-element_type=\"widget\" data-widget_type=\"spacer.default\">\n\t\t\t\t<div class=\"elementor-widget-container\">\n\t\t\t\t\t<div class=\"elementor-spacer\">\n\t\t\t<div class=\"elementor-spacer-inner\"><\/div>\n\t\t<\/div>\n\t\t\t\t<\/div>\n\t\t\t\t<\/div>\n\t\t\t\t<div class=\"elementor-element elementor-element-79896de elementor-widget elementor-widget-heading\" data-id=\"79896de\" data-element_type=\"widget\" data-widget_type=\"heading.default\">\n\t\t\t\t<div class=\"elementor-widget-container\">\n\t\t\t<h2 class=\"elementor-heading-title elementor-size-default\"><br>Cze\u015b\u0107, jestem Micha\u0142.<br><br>\nJestem instruktorem strzelectwa sportowego, dynamicznego i bojowego. Posiadam tak\u017ce\nuprawnienia s\u0119dziego, licencj\u0119 na uprawianie sportu strzeleckiego i regularnie bior\u0119 udzia\u0142 w\nzawodach. Jestem cz\u0142onkiem stowarzyszenia kolekcjoner\u00f3w broni palnej. Posiadam 3 rodzaje\npozwolenia na bro\u0144 \u2013 sportowe, kolekcjonerskie oraz do cel\u00f3w szkoleniowych. Na co dzie\u0144 pracuj\u0119 w\nsklepie z broni\u0105 paln\u0105 we Wroc\u0142awiu.<br><br>\nChc\u0119 si\u0119 dzieli\u0107 z Wami moj\u0105 pasj\u0105, wiedz\u0105 i do\u015bwiadczeniem. Moj\u0105 ofert\u0119 kieruj\u0119 do szerokiego\ngrona odbiorc\u00f3w. Do ka\u017cdego klienta podchodz\u0119 indywidualnie. Zaj\u0119cia prowadz\u0119 zar\u00f3wno z\nosobami nieposiadaj\u0105cymi \u017cadnego do\u015bwiadczenia z broni\u0105 paln\u0105, jak i tymi kt\u00f3rzy chc\u0105 doskonali\u0107\nswoje umiej\u0119tno\u015bci strzeleckie.<br><br>\nZapraszam do zapoznania si\u0119 z moj\u0105 ofert\u0105. Do zobaczenia na strzelnicy!<br><br><\/h2>\t\t<\/div>\n\t\t\t\t<\/div>\n\t\t\t\t<div class=\"elementor-element elementor-element-7e0aa41 elementor-widget elementor-widget-spacer\" data-id=\"7e0aa41\" data-element_type=\"widget\" data-widget_type=\"spacer.default\">\n\t\t\t\t<div class=\"elementor-widget-container\">\n\t\t\t\t\t<div class=\"elementor-spacer\">\n\t\t\t<div class=\"elementor-spacer-inner\"><\/div>\n\t\t<\/div>\n\t\t\t\t<\/div>\n\t\t\t\t<\/div>\n\t\t\t\t\t\t<\/div>\n\t\t\t\t\t<\/div>\n\t\t<\/div>\n\t\t\t\t\t\t\t\t<\/div>\n\t\t\t\t\t<\/div>\n\t\t<\/section>\n\t\t\t\t\t\t<\/div>\n\t\t\t\t\t\t<\/div>\n\t\t\t\t\t<\/div>\n\t\t","protected":false},"excerpt":{"rendered":"","protected":false},"author":1,"featured_media":0,"parent":0,"menu_order":0,"comment_status":"closed","ping_status":"closed","template":"page-templates\/homepage.php","meta":[],"yoast_head":"<!-- This site is optimized with the Yoast SEO Premium plugin v17.0 (Yoast SEO v17.0) - https:\/\/yoast.com\/wordpress\/plugins\/seo\/ -->\n<title>O mnie Szko\u0142a Strzelania Wroc\u0142aw Strzelnica Wroc\u0142aw Bro\u0144 Pistolet &mdash; shoot-gun.pl Szko\u0142a Strzelania Wroc\u0142aw<\/title>\n<meta name=\"description\" content=\"Szko\u0142a %Strzelania %Wroc\u0142aw %Strzelnica %Bro\u0144 %Pistolet\" \/>\n<meta name=\"robots\" content=\"index, follow, max-snippet:-1, max-image-preview:large, max-video-preview:-1\" \/>\n<link rel=\"canonical\" href=\"https:\/\/shoot-gun.pl\/\" \/>\n<meta property=\"og:locale\" content=\"en_US\" \/>\n<meta property=\"og:type\" content=\"article\" \/>\n<meta property=\"og:title\" content=\"O mnie\" \/>\n<meta property=\"og:description\" content=\"Szko\u0142a %Strzelania %Wroc\u0142aw %Strzelnica %Bro\u0144 %Pistolet\" \/>\n<meta property=\"og:url\" content=\"https:\/\/shoot-gun.pl\/\" \/>\n<meta property=\"og:site_name\" content=\"shoot-gun.pl\" \/>\n<meta property=\"article:modified_time\" content=\"2022-01-15T18:13:45+00:00\" \/>\n<meta name=\"twitter:card\" content=\"summary_large_image\" \/>\n<meta name=\"twitter:label1\" content=\"Est. reading time\" \/>\n\t<meta name=\"twitter:data1\" content=\"1 minute\" \/>\n<script type=\"application\/ld+json\" class=\"yoast-schema-graph\">{\"@context\":\"https:\/\/schema.org\",\"@graph\":[{\"@type\":\"WebSite\",\"@id\":\"https:\/\/shoot-gun.pl\/#website\",\"url\":\"https:\/\/shoot-gun.pl\/\",\"name\":\"shoot-gun.pl\",\"description\":\"Z pasji do strzelectwa.\",\"potentialAction\":[{\"@type\":\"SearchAction\",\"target\":{\"@type\":\"EntryPoint\",\"urlTemplate\":\"https:\/\/shoot-gun.pl\/?s={search_term_string}\"},\"query-input\":\"required name=search_term_string\"}],\"inLanguage\":\"en-US\"},{\"@type\":\"WebPage\",\"@id\":\"https:\/\/shoot-gun.pl\/#webpage\",\"url\":\"https:\/\/shoot-gun.pl\/\",\"name\":\"O mnie Szko\\u0142a Strzelania Wroc\\u0142aw Strzelnica Wroc\\u0142aw Bro\\u0144 Pistolet &mdash; shoot-gun.pl Szko\\u0142a Strzelania Wroc\\u0142aw\",\"isPartOf\":{\"@id\":\"https:\/\/shoot-gun.pl\/#website\"},\"datePublished\":\"2020-09-14T23:34:14+00:00\",\"dateModified\":\"2022-01-15T18:13:45+00:00\",\"description\":\"Szko\\u0142a %Strzelania %Wroc\\u0142aw %Strzelnica %Bro\\u0144 %Pistolet\",\"breadcrumb\":{\"@id\":\"https:\/\/shoot-gun.pl\/#breadcrumb\"},\"inLanguage\":\"en-US\",\"potentialAction\":[{\"@type\":\"ReadAction\",\"target\":[\"https:\/\/shoot-gun.pl\/\"]}]},{\"@type\":\"BreadcrumbList\",\"@id\":\"https:\/\/shoot-gun.pl\/#breadcrumb\",\"itemListElement\":[{\"@type\":\"ListItem\",\"position\":1,\"name\":\"Home\",\"item\":\"https:\/\/shoot-gun.pl\/\"},{\"@type\":\"ListItem\",\"position\":2,\"name\":\"O mnie\"}]}]}<\/script>\n<!-- \/ Yoast SEO Premium plugin. -->","yoast_head_json":{"title":"O mnie Szko\u0142a Strzelania Wroc\u0142aw Strzelnica Wroc\u0142aw Bro\u0144 Pistolet &mdash; shoot-gun.pl Szko\u0142a Strzelania Wroc\u0142aw","description":"Szko\u0142a %Strzelania %Wroc\u0142aw %Strzelnica %Bro\u0144 %Pistolet","robots":{"index":"index","follow":"follow","max-snippet":"max-snippet:-1","max-image-preview":"max-image-preview:large","max-video-preview":"max-video-preview:-1"},"canonical":"https:\/\/shoot-gun.pl\/","og_locale":"en_US","og_type":"article","og_title":"O mnie","og_description":"Szko\u0142a %Strzelania %Wroc\u0142aw %Strzelnica %Bro\u0144 %Pistolet","og_url":"https:\/\/shoot-gun.pl\/","og_site_name":"shoot-gun.pl","article_modified_time":"2022-01-15T18:13:45+00:00","twitter_card":"summary_large_image","twitter_misc":{"Est. reading time":"1 minute"},"schema":{"@context":"https:\/\/schema.org","@graph":[{"@type":"WebSite","@id":"https:\/\/shoot-gun.pl\/#website","url":"https:\/\/shoot-gun.pl\/","name":"shoot-gun.pl","description":"Z pasji do strzelectwa.","potentialAction":[{"@type":"SearchAction","target":{"@type":"EntryPoint","urlTemplate":"https:\/\/shoot-gun.pl\/?s={search_term_string}"},"query-input":"required name=search_term_string"}],"inLanguage":"en-US"},{"@type":"WebPage","@id":"https:\/\/shoot-gun.pl\/#webpage","url":"https:\/\/shoot-gun.pl\/","name":"O mnie Szko\u0142a Strzelania Wroc\u0142aw Strzelnica Wroc\u0142aw Bro\u0144 Pistolet &mdash; shoot-gun.pl Szko\u0142a Strzelania Wroc\u0142aw","isPartOf":{"@id":"https:\/\/shoot-gun.pl\/#website"},"datePublished":"2020-09-14T23:34:14+00:00","dateModified":"2022-01-15T18:13:45+00:00","description":"Szko\u0142a %Strzelania %Wroc\u0142aw %Strzelnica %Bro\u0144 %Pistolet","breadcrumb":{"@id":"https:\/\/shoot-gun.pl\/#breadcrumb"},"inLanguage":"en-US","potentialAction":[{"@type":"ReadAction","target":["https:\/\/shoot-gun.pl\/"]}]},{"@type":"BreadcrumbList","@id":"https:\/\/shoot-gun.pl\/#breadcrumb","itemListElement":[{"@type":"ListItem","position":1,"name":"Home","item":"https:\/\/shoot-gun.pl\/"},{"@type":"ListItem","position":2,"name":"O mnie"}]}]}},"_links":{"self":[{"href":"https:\/\/shoot-gun.pl\/index.php\/wp-json\/wp\/v2\/pages\/32"}],"collection":[{"href":"https:\/\/shoot-gun.pl\/index.php\/wp-json\/wp\/v2\/pages"}],"about":[{"href":"https:\/\/shoot-gun.pl\/index.php\/wp-json\/wp\/v2\/types\/page"}],"author":[{"embeddable":true,"href":"https:\/\/shoot-gun.pl\/index.php\/wp-json\/wp\/v2\/users\/1"}],"replies":[{"embeddable":true,"href":"https:\/\/shoot-gun.pl\/index.php\/wp-json\/wp\/v2\/comments?post=32"}],"version-history":[{"count":20,"href":"https:\/\/shoot-gun.pl\/index.php\/wp-json\/wp\/v2\/pages\/32\/revisions"}],"predecessor-version":[{"id":912,"href":"https:\/\/shoot-gun.pl\/index.php\/wp-json\/wp\/v2\/pages\/32\/revisions\/912"}],"wp:attachment":[{"href":"https:\/\/shoot-gun.pl\/index.php\/wp-json\/wp\/v2\/media?parent=32"}],"curies":[{"name":"wp","href":"https:\/\/api.w.org\/{rel}","templated":true}]}}